{"id":8,"date":"2014-04-10T20:51:06","date_gmt":"2014-04-10T19:51:06","guid":{"rendered":"http:\/\/uks.supweb.itl.pl\/?page_id=8"},"modified":"2024-05-28T18:25:45","modified_gmt":"2024-05-28T16:25:45","slug":"rozgrywki-indywidualne","status":"publish","type":"page","link":"https:\/\/uksbielany.pl\/?page_id=8","title":{"rendered":"Wyniki Letniego Turnieju XXVIII GP Bielan 2024"},"content":{"rendered":"\n<p>93 OSOBY UCZESTNICZY\u0141Y W KOLEJNYM JU\u017b, ROZGRYWANYM PO RAZ 28. GRAND PRIX BIELAN W TENISIE STO\u0141OWYM. W HALI PRZY ULICY LINDEGO TRADYCYJNIE NIE ZABRAK\u0141O EMOCJI I SPORTOWEJ RYWALIZACJI. TURNIEJ ZOSTA\u0141 SFINANSOWANY ZE \u015aRODK\u00d3W POCHODZ\u0104CYCH Z DZIELNICY BIELANY, A M\u00d3G\u0141 ON SI\u0118 ODBY\u0106 NA PIEKNEJ HALI SPORTOWEJ DZIEKI WSPARCIU PRZEZ CENTRUM REKREACYJNO-SPORTOWE &#8222;CRS BIELANY&#8221;. SZCZEG\u00d3LNIE DU\u017bYM ZAINTERESOWANIEM CIESZY\u0141 SI\u0118 TURNIEJ W KATEGORII OPEN M\u0118\u017bCZYZN \u2013 ZWYCI\u0118\u017bY\u0141 ANTONI SKRZECZOWSKI. PONI\u017bEJ PRZEDSTAWIAMY PE\u0141NE WYNIKI WSZYSTKICH KATEGORII WIEKOWYCH: <\/p>\n\n\n\n<h3 class=\"wp-block-heading\">ROCZNIK 2013 i m\u0142odsi<\/h3>\n\n\n\n<p>Dziewcz\u0119ta<\/p>\n\n\n\n<figure class=\"wp-block-table\"><table><tbody><tr><td>Miejsce<\/td><td>Nazwisko i imi\u0119<\/td><\/tr><tr><td>1<\/td><td>Sta\u0144czak Magdalena<\/td><\/tr><tr><td>2<\/td><td>Jasik Kaja<\/td><\/tr><tr><td>3<\/td><td>Stadnik Gabriela<\/td><\/tr><\/tbody><\/table><\/figure>\n\n\n\n<p>Ch\u0142opcy<\/p>\n\n\n\n<figure class=\"wp-block-table\"><table><tbody><tr><td>Miejsce<\/td><td>Nazwisko i imi\u0119<\/td><\/tr><tr><td>1<\/td><td>Jasik Tymon<\/td><\/tr><tr><td>2<\/td><td>Burzy\u0144ski Miko\u0142aj<\/td><\/tr><tr><td>3<\/td><td>Beczek Wojciech<\/td><\/tr><tr><td>4<\/td><td>Cis\u0142o Jan<\/td><\/tr><tr><td>5-6<\/td><td>Koci\u0119cki Piotr<\/td><\/tr><tr><td>&nbsp;<\/td><td>Wo\u017aniak Miko\u0142aj<\/td><\/tr><tr><td>7-8<\/td><td>Niezgoda Maurycy<\/td><\/tr><tr><td>&nbsp;<\/td><td>Korobka Jan<\/td><\/tr><\/tbody><\/table><\/figure>\n\n\n\n<h1 class=\"wp-block-heading has-medium-font-size\">ROCZNIK&nbsp; 2009 \u2013 2012<\/h1>\n\n\n\n<p>Dziewcz\u0119ta<\/p>\n\n\n\n<figure class=\"wp-block-table\"><table><tbody><tr><td>Miejsce<\/td><td>Nazwisko i imi\u0119<\/td><\/tr><tr><td>1<\/td><td>Zalewska Gabriela<\/td><\/tr><tr><td>2<\/td><td>Bukowska Paulina<\/td><\/tr><tr><td>3<\/td><td>Kopiel Lena<\/td><\/tr><tr><td>4<\/td><td>Rudnik Laura<\/td><\/tr><\/tbody><\/table><\/figure>\n\n\n\n<p>Ch\u0142opcy<\/p>\n\n\n\n<figure class=\"wp-block-table\"><table><tbody><tr><td>Miejsce<\/td><td>Nazwisko i imi\u0119<\/td><\/tr><tr><td>1<\/td><td>Lempke Maciej<\/td><\/tr><tr><td>2<\/td><td>Trzepa\u0142a Franciszek<\/td><\/tr><tr><td>3<\/td><td>Kwiatkowski Mateusz<\/td><\/tr><tr><td>4<\/td><td>Kur Kacper<\/td><\/tr><tr><td>5-6<\/td><td>Wytrykowski Bartosz<\/td><\/tr><tr><td>&nbsp;<\/td><td>Zajkowski Marcel<\/td><\/tr><tr><td>7-8<\/td><td>Wojtkowski Franciszek<\/td><\/tr><tr><td>&nbsp;<\/td><td>Krajewski Krzysztof<\/td><\/tr><tr><td>9-12<\/td><td>Gonera Olaf<\/td><\/tr><tr><td>&nbsp;<\/td><td>Baku\u0142a Marcel<\/td><\/tr><tr><td>&nbsp;<\/td><td>Mrozek Jakub<\/td><\/tr><tr><td>&nbsp;<\/td><td>Grzeszkiewicz Iwo<\/td><\/tr><tr><td>13-16<\/td><td>Cis\u0142o Adam<\/td><\/tr><tr><td>&nbsp;<\/td><td>Ko\u0142aci\u0144ski Jakub<\/td><\/tr><tr><td>&nbsp;<\/td><td>Okapiec Szymon<\/td><\/tr><tr><td>&nbsp;<\/td><td>Jasi\u0144ski Tymon<\/td><\/tr><tr><td>17-23<\/td><td>K\u0119pski Jan<\/td><\/tr><tr><td>&nbsp;<\/td><td>Marzec Maciej<\/td><\/tr><tr><td>&nbsp;<\/td><td>Januszkiewicz Kacper<\/td><\/tr><tr><td>&nbsp;<\/td><td>Jankowski Jan<\/td><\/tr><tr><td>&nbsp;<\/td><td>Pogorzelski Filip<\/td><\/tr><tr><td>&nbsp;<\/td><td>Lisica Skarbimir<\/td><\/tr><tr><td>&nbsp;<\/td><td>Bolimowski Dominik<\/td><\/tr><tr><td>24-26<\/td><td>So\u0142da\u0144ski Mateusz<\/td><\/tr><tr><td>&nbsp;<\/td><td>Januszkiewicz Jakub<\/td><\/tr><tr><td>&nbsp;<\/td><td>Burzy\u0144ski Konrad<\/td><\/tr><\/tbody><\/table><\/figure>\n\n\n\n<h1 class=\"wp-block-heading has-medium-font-size\">ROCZNIK&nbsp; 2005 \u2013 2008<\/h1>\n\n\n\n<p>Ch\u0142opcy<\/p>\n\n\n\n<figure class=\"wp-block-table\"><table><tbody><tr><td>Miejsce<\/td><td>Nazwisko i imi\u0119<\/td><\/tr><tr><td>1<\/td><td>Skrzeczkowski Antoni<\/td><\/tr><tr><td>2<\/td><td>Balcerzak Julia<\/td><\/tr><tr><td>3<\/td><td>Barzenc Mateusz<\/td><\/tr><tr><td>4<\/td><td>Mierzejewski Piotr<\/td><\/tr><tr><td>5<\/td><td>Sztyk Miko\u0142aj<\/td><\/tr><tr><td>6<\/td><td>Habib Bartosz<\/td><\/tr><\/tbody><\/table><\/figure>\n\n\n\n<h1 class=\"wp-block-heading has-medium-font-size\">KATEGORIA OPEN<\/h1>\n\n\n\n<p>Kobiety<\/p>\n\n\n\n<figure class=\"wp-block-table\"><table><tbody><tr><td>Miejsce<\/td><td>Nazwisko i imi\u0119<\/td><\/tr><tr><td>1<\/td><td>Balcerzak Julia<\/td><\/tr><tr><td>2<\/td><td>Bondareva Olena<\/td><\/tr><tr><td>3<\/td><td>Majewska Emilia<\/td><\/tr><tr><td>4<\/td><td>Gadomska Marta<\/td><\/tr><tr><td>5-6<\/td><td>Kovalenko Olena<\/td><\/tr><tr><td>&nbsp;<\/td><td>Kacprzak Joanna<\/td><\/tr><tr><td>7-8<\/td><td>Pawlik Karolina<\/td><\/tr><tr><td>&nbsp;<\/td><td>Sandecka Iwona<\/td><\/tr><tr><td>9-10<\/td><td>Motor Jadwiga<\/td><\/tr><tr><td>&nbsp;<\/td><td>Nozdry\u0144-P\u0142otnicka Gabriela<\/td><\/tr><\/tbody><\/table><\/figure>\n\n\n\n<p>M\u0119\u017cczy\u017ani<\/p>\n\n\n\n<figure class=\"wp-block-table\"><table><tbody><tr><td>Miejsce<\/td><td>Nazwisko i imi\u0119<\/td><\/tr><tr><td>1<\/td><td>Skrzeczkowski Antoni<\/td><\/tr><tr><td>2<\/td><td>Wolff Pawe\u0142<\/td><\/tr><tr><td>3<\/td><td>Buze Grzegorz<\/td><\/tr><tr><td>4<\/td><td>Kutaszewicz Rafa\u0142<\/td><\/tr><tr><td>5-6<\/td><td>Papis Grzegorz<\/td><\/tr><tr><td>&nbsp;<\/td><td>Matsuka Aliaksei<\/td><\/tr><tr><td>7-8<\/td><td>Yasonau Pavel<\/td><\/tr><tr><td>&nbsp;<\/td><td>B\u0142aszczyk \u0141ukasz<\/td><\/tr><tr><td>9-12<\/td><td>Sandecka Iwona<\/td><\/tr><tr><td>&nbsp;<\/td><td>Kasprowicz Zbigniew<\/td><\/tr><tr><td>&nbsp;<\/td><td>Markowski Artur<\/td><\/tr><tr><td>&nbsp;<\/td><td>Kulesza Adam<\/td><\/tr><tr><td>13-16<\/td><td>Skrzeczkowski Jacek<\/td><\/tr><tr><td>&nbsp;<\/td><td>Mate\u0144ka Mariusz<\/td><\/tr><tr><td>&nbsp;<\/td><td>Bogucki Tomasz<\/td><\/tr><tr><td>&nbsp;<\/td><td>Lepmke Marcin<\/td><\/tr><tr><td>17-24<\/td><td>Kalinowski Antoni<\/td><\/tr><tr><td>&nbsp;<\/td><td>Lepmke Maciej<\/td><\/tr><tr><td>&nbsp;<\/td><td>Burnos Piotr<\/td><\/tr><tr><td>&nbsp;<\/td><td>Okapiec Szymon<\/td><\/tr><tr><td>&nbsp;<\/td><td>Gradek Bartosz<\/td><\/tr><tr><td>&nbsp;<\/td><td>Rudnik Artur<\/td><\/tr><tr><td>&nbsp;<\/td><td>Kacprzak Rafa\u0142<\/td><\/tr><tr><td>&nbsp;<\/td><td>Grzelecki Piotr<\/td><\/tr><tr><td>25-30<\/td><td>Zhylianin Dzmitry<\/td><\/tr><tr><td>&nbsp;<\/td><td>Korol \u0141ukasz<\/td><\/tr><tr><td>&nbsp;<\/td><td>Komorowski Andrzej<\/td><\/tr><tr><td>&nbsp;<\/td><td>\u017bargalyn Bojan<\/td><\/tr><tr><td>&nbsp;<\/td><td>Socha Damian &nbsp;<\/td><\/tr><tr><td>&nbsp;<\/td><td>Syczewski Tomasz<\/td><\/tr><\/tbody><\/table><\/figure>\n\n\n\n<figure class=\"wp-block-image size-large\"><img fetchpriority=\"high\" decoding=\"async\" width=\"1024\" height=\"740\" src=\"https:\/\/uksbielany.pl\/wp-content\/uploads\/2024\/05\/Warszawa_znak_RGB_kolorowy_finansuje_Bielany-1024x740.png\" alt=\"\" class=\"wp-image-1360\" srcset=\"https:\/\/uksbielany.pl\/wp-content\/uploads\/2024\/05\/Warszawa_znak_RGB_kolorowy_finansuje_Bielany-1024x740.png 1024w, https:\/\/uksbielany.pl\/wp-content\/uploads\/2024\/05\/Warszawa_znak_RGB_kolorowy_finansuje_Bielany-300x217.png 300w, https:\/\/uksbielany.pl\/wp-content\/uploads\/2024\/05\/Warszawa_znak_RGB_kolorowy_finansuje_Bielany-768x555.png 768w, https:\/\/uksbielany.pl\/wp-content\/uploads\/2024\/05\/Warszawa_znak_RGB_kolorowy_finansuje_Bielany.png 1200w\" sizes=\"(max-width: 1024px) 100vw, 1024px\" \/><\/figure>\n\n\n\n<figure class=\"wp-block-image size-full is-resized\"><img decoding=\"async\" width=\"400\" height=\"129\" src=\"https:\/\/uksbielany.pl\/wp-content\/uploads\/2024\/05\/logo2.png\" alt=\"\" class=\"wp-image-1361\" style=\"width:838px;height:auto\" srcset=\"https:\/\/uksbielany.pl\/wp-content\/uploads\/2024\/05\/logo2.png 400w, https:\/\/uksbielany.pl\/wp-content\/uploads\/2024\/05\/logo2-300x97.png 300w\" sizes=\"(max-width: 400px) 100vw, 400px\" \/><\/figure>\n","protected":false},"excerpt":{"rendered":"<p>93 OSOBY UCZESTNICZY\u0141Y W KOLEJNYM JU\u017b, ROZGRYWANYM PO RAZ 28. GRAND PRIX BIELAN W TENISIE STO\u0141OWYM. W HALI PRZY ULICY LINDEGO TRADYCYJNIE NIE ZABRAK\u0141O EMOCJI I SPORTOWEJ RYWALIZACJI. TURNIEJ ZOSTA\u0141 SFINANSOWANY ZE \u015aRODK\u00d3W POCHODZ\u0104CYCH Z DZIELNICY BIELANY, A M\u00d3G\u0141 ON SI\u0118 ODBY\u0106 NA PIEKNEJ HALI SPORTOWEJ DZIEKI WSPARCIU PRZEZ CENTRUM REKREACYJNO-SPORTOWE &#8222;CRS BIELANY&#8221;. SZCZEG\u00d3LNIE DU\u017bYM &hellip; <a href=\"https:\/\/uksbielany.pl\/?page_id=8\">Continue reading <span class=\"meta-nav\">&rarr;<\/span><\/a><\/p>\n","protected":false},"author":2,"featured_media":0,"parent":0,"menu_order":2,"comment_status":"closed","ping_status":"open","template":"","meta":{"ngg_post_thumbnail":0,"footnotes":""},"class_list":["post-8","page","type-page","status-publish","hentry"],"_links":{"self":[{"href":"https:\/\/uksbielany.pl\/index.php?rest_route=\/wp\/v2\/pages\/8","targetHints":{"allow":["GET"]}}],"collection":[{"href":"https:\/\/uksbielany.pl\/index.php?rest_route=\/wp\/v2\/pages"}],"about":[{"href":"https:\/\/uksbielany.pl\/index.php?rest_route=\/wp\/v2\/types\/page"}],"author":[{"embeddable":true,"href":"https:\/\/uksbielany.pl\/index.php?rest_route=\/wp\/v2\/users\/2"}],"replies":[{"embeddable":true,"href":"https:\/\/uksbielany.pl\/index.php?rest_route=%2Fwp%2Fv2%2Fcomments&post=8"}],"version-history":[{"count":2,"href":"https:\/\/uksbielany.pl\/index.php?rest_route=\/wp\/v2\/pages\/8\/revisions"}],"predecessor-version":[{"id":1367,"href":"https:\/\/uksbielany.pl\/index.php?rest_route=\/wp\/v2\/pages\/8\/revisions\/1367"}],"wp:attachment":[{"href":"https:\/\/uksbielany.pl\/index.php?rest_route=%2Fwp%2Fv2%2Fmedia&parent=8"}],"curies":[{"name":"wp","href":"https:\/\/api.w.org\/{rel}","templated":true}]}}