{"id":14,"date":"2014-04-10T20:51:42","date_gmt":"2014-04-10T19:51:42","guid":{"rendered":"http:\/\/uks.supweb.itl.pl\/?page_id=14"},"modified":"2023-05-16T17:19:39","modified_gmt":"2023-05-16T15:19:39","slug":"statut","status":"publish","type":"page","link":"https:\/\/uksbielany.pl\/?page_id=14","title":{"rendered":"Statut"},"content":{"rendered":"<h3 style=\"text-align: center;\"><strong>STATUT <\/strong><\/h3>\n<h3 style=\"text-align: center;\"><strong>UCZNIOWSKIEGO KLUBU SPORTOWEGO \u201eBIELANY- 273\u201d <\/strong><\/h3>\n<p>&nbsp;<\/p>\n<p style=\"text-align: center;\">ROZDZIA\u0141 I<\/p>\n<p style=\"text-align: center;\">Nazwa, teren dzia\u0142ania, siedziba\u00a0 i charakter prawny<\/p>\n<p style=\"text-align: center;\">\u00a0\u00a71<\/p>\n<p>Stowarzyszenie pod nazw\u0105 Uczniowski Klub Sportowy \u201eBIELANY \u2013 273\u201d zwane dalej Klubem, jest stowarzyszeniem zrzeszaj\u0105cym uczni\u00f3w Szko\u0142y Podstawowej nr 273, uczni\u00f3w, student\u00f3w, rodzic\u00f3w,\u00a0 nauczycieli oraz inne osoby fizyczne lub prawne .<\/p>\n<p style=\"text-align: center;\">\u00a0\u00a72<\/p>\n<p>Terenem dzia\u0142ania Klubu jest obszar Rzeczpospolitej Polskiej, a siedzib\u0105 Klubu jest miasto sto\u0142eczne\u00a0 Warszawa.<\/p>\n<p style=\"text-align: center;\">\u00a0\u00a73<\/p>\n<p>Klub jest zarejestrowanym stowarzyszeniem kultury fizycznej i z tego tytu\u0142u posiada osobowo\u015b\u0107 prawn\u0105.<\/p>\n<p style=\"text-align: center;\">\u00a0\u00a74<\/p>\n<p>Klub dzia\u0142a zgodnie z ustaw\u0105 Prawo o stowarzyszeniach , ustaw\u0105 o sporcie oraz niniejszym Statutem.<\/p>\n<p style=\"text-align: center;\">\u00a0\u00a75<\/p>\n<p>Klub u\u017cywa piecz\u0119ci, odznak i znaczk\u00f3w organizacyjnych zgodnie z obowi\u0105zuj\u0105cymi przepisami.<\/p>\n<p style=\"text-align: center;\">\u00a0\u00a76<\/p>\n<p>Klub mo\u017ce by\u0107 cz\u0142onkiem krajowych i mi\u0119dzynarodowych zwi\u0105zk\u00f3w sportowych.<\/p>\n<p style=\"text-align: center;\">\u00a0\u00a77<\/p>\n<p>Klub mo\u017ce pos\u0142ugiwa\u0107 si\u0119 skr\u00f3con\u0105 nazw\u0105 UKS \u201eBielany &#8211; 273\u201d.<\/p>\n<p>&nbsp;<\/p>\n<p style=\"text-align: center;\">ROZDZIA\u0141 II<\/p>\n<p style=\"text-align: center;\">\u015arodki i cele dzia\u0142ania<\/p>\n<p style=\"text-align: center;\">\u00a0\u00a78<\/p>\n<p>Celem Klubu jest upowszechnianie kultury fizyczne i sportu, a w tym:<\/p>\n<p>1)\u00a0\u00a0\u00a0\u00a0\u00a0 planowanie i organizowanie pozalekcyjnego \u017cycia sportowego uczni\u00f3w w oparciu o mo\u017cliwo\u015bci obiektowe i sprz\u0119towe szko\u0142y oraz o pomoc organizacyjn\u0105 i materialn\u0105 rodzic\u00f3w i sympatyk\u00f3w Klubu,<\/p>\n<p>2)\u00a0\u00a0\u00a0\u00a0\u00a0 anga\u017cowanie wszystkich uczni\u00f3w do r\u00f3\u017cnorodnych form aktywno\u015bci, gier i zabaw dostosowanych do wieku, stopnia sprawno\u015bci i ich zainteresowa\u0144 sportowych,<\/p>\n<p>3)\u00a0\u00a0\u00a0\u00a0\u00a0 uczestniczenie w imprezach sportowych organizowanych na obszarze dzia\u0142ania samorz\u0105du terytorialnego i poza nim,<\/p>\n<p>4)\u00a0\u00a0\u00a0\u00a0\u00a0 prowadzenie szkolenia sportowego uczni\u00f3w w celu wszechstronnego rozwoju ich sprawno\u015bci fizycznej i umys\u0142owej,<\/p>\n<p>5)\u00a0\u00a0\u00a0\u00a0\u00a0 organizowanie dzia\u0142alno\u015bci sportowej ze szczeg\u00f3lnym uwzgl\u0119dnieniem funkcji zdrowotnych,<\/p>\n<p>6)\u00a0\u00a0\u00a0\u00a0\u00a0 organizowanie uczniom r\u00f3\u017cnorodnych form wsp\u00f3\u0142zawodnictwa sportowego,<\/p>\n<p>7)\u00a0\u00a0\u00a0\u00a0\u00a0 kszta\u0142towanie pozytywnych cech charakteru poprzez uczestnictwo w realizacji zada\u0144 sportowych Klubu<\/p>\n<p>8)\u00a0\u00a0\u00a0\u00a0\u00a0 popularyzacja zasad sportowej rywalizacji.<\/p>\n<p style=\"text-align: center;\">\u00a0\u00a79<\/p>\n<p>Klub realizuje swoje cele statutowe poprzez:<\/p>\n<p>1)\u00a0\u00a0\u00a0\u00a0\u00a0 wspieranie cz\u0142onk\u00f3w Klubu w d\u0105\u017ceniu do osi\u0105gania sukces\u00f3w sportowych,<\/p>\n<p>2)\u00a0\u00a0\u00a0\u00a0\u00a0 zapewnianie cz\u0142onkom Klubu dost\u0119pu do infrastruktury sportowej,<\/p>\n<p>3)\u00a0\u00a0\u00a0\u00a0\u00a0 prowadzenie zaj\u0119\u0107 sportowych,<\/p>\n<p>4)\u00a0\u00a0\u00a0\u00a0\u00a0 organizacj\u0119 i udzia\u0142 w imprezach sportowych oraz organizowanie r\u00f3\u017cnych form aktywno\u015bci fizycznej,<\/p>\n<p>5)\u00a0\u00a0\u00a0\u00a0\u00a0 wsp\u00f3\u0142prac\u0119 z innymi organizacjami pozarz\u0105dowymi w kraju i za granic\u0105,<\/p>\n<p>6)\u00a0\u00a0\u00a0\u00a0\u00a0 organizacj\u0119 oboz\u00f3w sportowych,<\/p>\n<p>7)\u00a0\u00a0\u00a0\u00a0\u00a0 wsp\u00f3\u0142prac\u0119 z organami administracji publicznej,<\/p>\n<p>8)\u00a0\u00a0\u00a0\u00a0\u00a0 pozyskiwanie \u015brodk\u00f3w finansowych na realizacj\u0119 cel\u00f3w statutowych Klubu.<\/p>\n<p style=\"text-align: center;\">\u00a0\u00a710<\/p>\n<p>Klub opiera sw\u0105 dzia\u0142alno\u015b\u0107 przede wszystkim na spo\u0142ecznej pracy swoich cz\u0142onk\u00f3w i dzia\u0142aczy oraz na pomocy rodzic\u00f3w uczni\u00f3w. Mo\u017ce r\u00f3wnie\u017c zatrudnia\u0107 pracownik\u00f3w.<\/p>\n<p>&nbsp;<\/p>\n<p>&nbsp;<\/p>\n<p>&nbsp;<\/p>\n<p style=\"text-align: center;\">ROZDZIA\u0141 III<\/p>\n<p style=\"text-align: center;\">Cz\u0142onkowie, ich prawa i obowi\u0105zki<\/p>\n<p style=\"text-align: center;\">\u00a0\u00a711<\/p>\n<ol>\n<li>Cz\u0142onkowie Klubu dziel\u0105 si\u0119 na :<\/li>\n<\/ol>\n<p>1)\u00a0\u00a0\u00a0\u00a0\u00a0 zwyczajnych,<\/p>\n<p>2)\u00a0\u00a0\u00a0\u00a0\u00a0 uczestnik\u00f3w,<\/p>\n<p>3)\u00a0\u00a0\u00a0\u00a0\u00a0 wspieraj\u0105cych,<\/p>\n<p>4)\u00a0\u00a0\u00a0\u00a0\u00a0 honorowych.<\/p>\n<ol start=\"2\">\n<li>Cz\u0142onk\u00f3w przyjmuje w drodze uchwa\u0142y Zarz\u0105d na podstawie pisemnej deklaracji, za wyj\u0105tkiem cz\u0142onk\u00f3w o kt\u00f3rych mowa w \u00a7 16 pkt 1 niniejszego statutu.<\/li>\n<\/ol>\n<p>&nbsp;<\/p>\n<p style=\"text-align: center;\">\u00a0\u00a712<\/p>\n<ol>\n<li>Cz\u0142onkami zwyczajnymi Klubu mog\u0105 by\u0107 pe\u0142noletnie osoby fizyczne.<\/li>\n<li>Cz\u0142onkami zwyczajnymi mo\u017ce by\u0107 r\u00f3wnie\u017c ma\u0142oletni w wieku 16 do 18 lat.<\/li>\n<li>Ma\u0142oletni poni\u017cej 16 roku \u017cycia mog\u0105 by\u0107 cz\u0142onkami uczestnikami Klubu za zgod\u0105 ich przedstawicieli ustawowych.<\/li>\n<\/ol>\n<p style=\"text-align: center;\">\u00a0\u00a713<\/p>\n<p>Cz\u0142onkowie zwyczajni maj\u0105 prawo do:<\/p>\n<p>1)\u00a0\u00a0\u00a0\u00a0\u00a0 uczestnictwa w Walnych Zebraniach Klubu z g\u0142osem stanowi\u0105cym oraz biernym i czynnym prawem wyborczym, z ograniczeniami wynikaj\u0105cymi z art. 3 ust. 2 ustawy Prawo o stowarzyszeniach,<\/p>\n<p>2)\u00a0\u00a0\u00a0\u00a0\u00a0 uczestnictwa w przedsi\u0119wzi\u0119ciach, tj. zawodach i imprezach sportowych organizowanych przez Klub,<\/p>\n<p>3)\u00a0\u00a0\u00a0\u00a0\u00a0 zg\u0142aszania opinii, propozycji i wniosk\u00f3w wobec Zarz\u0105du,<\/p>\n<p>4)\u00a0\u00a0\u00a0\u00a0\u00a0 udzia\u0142u w zaj\u0119ciach organizowanych przez Klub w ramach statutowej dzia\u0142alno\u015bci,<\/p>\n<p>5)\u00a0\u00a0\u00a0\u00a0\u00a0 zaskar\u017cania do Walnego Zebrania Cz\u0142onk\u00f3w uchwa\u0142 Zarz\u0105du,<\/p>\n<p>6)\u00a0\u00a0\u00a0\u00a0\u00a0 Cz\u0142onkom uczestnikom przys\u0142uguj\u0105 wszystkie prawa cz\u0142onk\u00f3w zwyczajnych, z wyj\u0105tkiem okre\u015blonych powy\u017cej w pkt 1 \u2013 cz\u0142onkowie uczestnicy mog\u0105 bra\u0107 udzia\u0142 w Walnym Zebraniu z g\u0142osem doradczym.<\/p>\n<p style=\"text-align: center;\">\u00a0\u00a714<\/p>\n<p>Cz\u0142onkami wspieraj\u0105cymi mog\u0105 by\u0107 osoby fizyczne i osoby prawne, kt\u00f3re popieraj\u0105 cele Klubu, zostan\u0105 przyj\u0119ci przez Zarz\u0105d i zadeklaruj\u0105 pomoc organizacyjn\u0105, materialn\u0105 lub finansow\u0105 dla Klubu.<\/p>\n<p style=\"text-align: center;\">\u00a0\u00a715<\/p>\n<ol>\n<li>Cz\u0142onkowie wspieraj\u0105cy posiadaj\u0105 wszelkie prawa cz\u0142onk\u00f3w zwyczajnych z wyj\u0105tkiem g\u0142osu stanowi\u0105cego oraz czynnego i biernego prawa wyborczego na Walnym Zebraniu Cz\u0142onk\u00f3w Klubu.<\/li>\n<li>Cz\u0142onkowie wspieraj\u0105cy maj\u0105 prawo bra\u0107 udzia\u0142 &#8211; z g\u0142osem doradczym \u2013 w posiedzeniach Walnego Zebrania Cz\u0142onk\u00f3w.<\/li>\n<li>Cz\u0142onkowie wspieraj\u0105cy s\u0105 obowi\u0105zani do przestrzegania statutu i uchwa\u0142 w\u0142adz oraz spe\u0142niania na rzecz Klubu zadeklarowanych, w deklaracji cz\u0142onkowskiej, \u015bwiadcze\u0144.<\/li>\n<\/ol>\n<p>&nbsp;<\/p>\n<p style=\"text-align: center;\">\u00a0\u00a716<\/p>\n<ol>\n<li>Cz\u0142onkiem honorowym mo\u017ce by\u0107 osoba fizyczna, szczeg\u00f3lnie zas\u0142u\u017cona dla Klubu, kt\u00f3rej godno\u015b\u0107 t\u0105 nada Walne Zebranie.<\/li>\n<li>Cz\u0142onek honorowy posiada wszelkie prawa cz\u0142onka zwyczajnego z tym, \u017ce prawo okre\u015blone w \u00a7 13 pkt. 1 statutu przys\u0142uguje mu wy\u0142\u0105cznie w\u00f3wczas, gdy posiada\u0142 uprzednio status cz\u0142onka zwyczajnego.<\/li>\n<\/ol>\n<p style=\"text-align: center;\">\u00a0\u00a717<\/p>\n<p>Do obowi\u0105zk\u00f3w cz\u0142onk\u00f3w Klubu nale\u017cy:<\/p>\n<p>1)\u00a0\u00a0\u00a0\u00a0\u00a0 branie czynnego udzia\u0142u w dzia\u0142alno\u015bci Klubu,<\/p>\n<p>2)\u00a0\u00a0\u00a0\u00a0\u00a0 przestrzeganie postanowie\u0144 Statutu i uchwa\u0142 w\u0142adz Klubu,<\/p>\n<p>3)\u00a0\u00a0\u00a0\u00a0\u00a0 godne reprezentowanie barw Klubu,<\/p>\n<p>4)\u00a0\u00a0\u00a0\u00a0\u00a0 p\u0142acenie sk\u0142adek na zasadach ustalonych przez Zarz\u0105d Klubu \u2013 obowi\u0105zek ten nie dotyczy cz\u0142onk\u00f3w honorowych.<\/p>\n<p style=\"text-align: center;\">\u00a0\u00a718<\/p>\n<ol>\n<li>Cz\u0142onkostwo w Klubie ustaje poprzez:<\/li>\n<\/ol>\n<p>1) skre\u015blenie uchwa\u0142\u0105 Zarz\u0105du w wyniku:<\/p>\n<ol>\n<li>a) z\u0142o\u017cenia przez cz\u0142onka Klubu Zarz\u0105dowi pisemnej dobrowolnej rezygnacji z cz\u0142onkostwa w Klubie,<\/li>\n<li>b) \u015bmierci cz\u0142onka lub utraty osobowo\u015bci prawnej przez cz\u0142onka wspieraj\u0105cego.<\/li>\n<\/ol>\n<p>2) Wykluczenia uchwa\u0142\u0105 Zarz\u0105du w przypadku stwierdzenia:<\/p>\n<ol>\n<li>a) ra\u017c\u0105cego naruszenia przez Cz\u0142onka postanowie\u0144 Statutu lub uchwa\u0142 w\u0142adz Klubu,<\/li>\n<li>b) niebrania udzia\u0142u w dzia\u0142alno\u015bci statutowej Klubu przez okres co najmniej 3 miesi\u0119cy,<\/li>\n<li>c) zalegania z op\u0142acaniem sk\u0142adek cz\u0142onkowskich za okres co najmniej 3 miesi\u0119cy,<\/li>\n<li>d) dzia\u0142anie cz\u0142onka na szkod\u0119 Klubu,<\/li>\n<\/ol>\n<p>3) rozwi\u0105zanie si\u0119 Klubu.<\/p>\n<ol start=\"2\">\n<li>W przypadkach okre\u015blonych w ust. 1 pkt 2 niniejszego paragrafu Zarz\u0105d jest zobowi\u0105zany zawiadomi\u0107 zainteresowanego o wykluczeniu, udost\u0119pniaj\u0105c mu jednocze\u015bnie stosowna uchwa\u0142\u0119, podaj\u0105c przyczyny wykluczenia i wskazuj\u0105c na prawo wniesienia odwo\u0142ania do Walnego Zebrania Cz\u0142onk\u00f3w w ci\u0105gu 14 dni od daty powiadomienia zainteresowanego cz\u0142onka.<\/li>\n<\/ol>\n<p>&nbsp;<\/p>\n<p style=\"text-align: center;\">ROZDZIA\u0141 IV<\/p>\n<p style=\"text-align: center;\">Struktura organizacyjna<\/p>\n<p style=\"text-align: center;\">\u00a0\u00a719<\/p>\n<ol>\n<li>W\u0142adzami Klubu s\u0105:<\/li>\n<li>a) Walne Zebranie Klubu,<\/li>\n<li>b) Zarz\u0105d,<\/li>\n<li>c) Komisja Rewizyjna.<\/li>\n<li>Wyb\u00f3r w\u0142adz nast\u0119puje w g\u0142osowaniu tajnym lub jawnym w zale\u017cno\u015bci od decyzji Walnego Zebrania Klubu. Kadencja w\u0142adz wybieralnych trwa 4 lata.<\/li>\n<li>Uchwa\u0142y wszystkich w\u0142adz Klubu zapadaj\u0105 w g\u0142osowaniu jawnym, zwyk\u0142\u0105 wi\u0119kszo\u015bci\u0105 g\u0142os\u00f3w, w obecno\u015bci co najmniej po\u0142owy cz\u0142onk\u00f3w danego organu.<\/li>\n<\/ol>\n<p style=\"text-align: center;\">\u00a0\u00a720<\/p>\n<ol>\n<li>Najwy\u017csz\u0105 w\u0142adz\u0105 Klubu jest Walne Zebranie Cz\u0142onk\u00f3w; zwo\u0142ywane przez Zarz\u0105d raz do roku jako sprawozdawcze i raz na 4 lata jako Sprawozdawczo-Wyborcze.<\/li>\n<li>O miejscu, terminie i porz\u0105dku obrad Zarz\u0105d powiadamia cz\u0142onk\u00f3w co najmniej na 7 dni przed terminem Walnego Zebrania Cz\u0142onk\u00f3w.<\/li>\n<li>Uchwa\u0142y Walnego Zebrania Cz\u0142onk\u00f3w zapadaj\u0105 zwyk\u0142\u0105 wi\u0119kszo\u015bci\u0105 g\u0142os\u00f3w w obecno\u015bci co najmniej po\u0142owy cz\u0142onk\u00f3w uprawnionych do g\u0142osowania w pierwszym terminie lub w drugim terminie bez wzgl\u0119du na liczb\u0119 obecnych cz\u0142onk\u00f3w, o ile termin ten by\u0142 podany w zawiadomieniu.<\/li>\n<\/ol>\n<p>&nbsp;<\/p>\n<p>&nbsp;<\/p>\n<p style=\"text-align: center;\">\u00a0\u00a721<\/p>\n<ol>\n<li>Walne Zebranie Cz\u0142onk\u00f3w mo\u017ce by\u0107 zwyczajne lub nadzwyczajne.<\/li>\n<li>Nadzwyczajne Walne Zebranie Klubu zwo\u0142ywane jest przez Zarz\u0105d Klubu:<\/li>\n<li>a) z w\u0142asnej inicjatywy,<\/li>\n<li>b) na wniosek Komisji Rewizyjnej,<\/li>\n<li>c) na wniosek co najmniej 1\/2 og\u00f3\u0142u cz\u0142onk\u00f3w uprawnionych do g\u0142osowania na Walnym Zebraniu Cz\u0142onk\u00f3w.<\/li>\n<li>Nadzwyczajne Walne Zebranie Klubu odbywa si\u0119 nie p\u00f3\u017aniej ni\u017c w ci\u0105gu miesi\u0105ca od z\u0142o\u017cenia wniosku, o kt\u00f3rym mowa w ust. 2 pkt. b-c niniejszego paragrafu i obraduje nad sprawami dla kt\u00f3rych zosta\u0142o zwo\u0142ane.<\/li>\n<\/ol>\n<p style=\"text-align: center;\">\u00a0\u00a722<\/p>\n<ol>\n<li>Do wy\u0142\u0105cznej kompetencji Walnego Zebrania Klubu w szczeg\u00f3lno\u015bci nale\u017cy:<\/li>\n<\/ol>\n<p>1)\u00a0\u00a0\u00a0\u00a0\u00a0 uchwalanie program\u00f3w sportowej, organizacyjnej i finansowej dzia\u0142alno\u015bci Klubu,<\/p>\n<p>2)\u00a0\u00a0\u00a0\u00a0\u00a0 rozpatrywanie i przyjmowanie sprawozda\u0144 Zarz\u0105du i Komisji Rewizyjnej,<\/p>\n<p>3)\u00a0\u00a0\u00a0\u00a0\u00a0 uchwalanie na wniosek Komisji Rewizyjnej absolutorium dla Zarz\u0105du Klubu,<\/p>\n<p>4)\u00a0\u00a0\u00a0\u00a0\u00a0 wyb\u00f3r i odwo\u0142anie Zarz\u0105du i Komisji Rewizyjnej,<\/p>\n<p>5)\u00a0\u00a0\u00a0\u00a0\u00a0 podejmowanie uchwa\u0142 o zmianie Statutu lub rozwi\u0105zaniu Klubu oraz w sprawach maj\u0105tkowych,<\/p>\n<p>6)\u00a0\u00a0\u00a0\u00a0\u00a0 rozpatrywanie i rozstrzyganie innych spraw wniesionych pod obrady Walnego Zebrania Cz\u0142onk\u00f3w Klubu, niezastrze\u017conych do kompetencji Zarz\u0105du i Komisji Rewizyjnej.<\/p>\n<ol start=\"2\">\n<li>W Walnym Zebraniu Cz\u0142onk\u00f3w Klubu mog\u0105 bra\u0107 udzia\u0142 z g\u0142osem doradczym osoby zaproszone przez Zarz\u0105d.<\/li>\n<\/ol>\n<p style=\"text-align: center;\">\u00a0\u00a723<\/p>\n<ol>\n<li>Zarz\u0105d Klubu sk\u0142ada si\u0119 z 5 cz\u0142onk\u00f3w wybieranych przez Walne Zebranie Klubu, kt\u00f3rzy spo\u015br\u00f3d siebie wybieraj\u0105 Prezesa , Sekretarza i Skarbnika.<\/li>\n<li>Zebranie Zarz\u0105du Klubu odbywa si\u0119 w miar\u0119 potrzeby, nie rzadziej jednak ni\u017c raz na trzy miesi\u0105ce.<\/li>\n<\/ol>\n<p style=\"text-align: center;\">\u00a0\u00a724<\/p>\n<p>Do kompetencji Zarz\u0105du Klubu nale\u017cy kierowanie bie\u017c\u0105c\u0105 dzia\u0142alno\u015bci\u0105 Klubu, a w tym:<\/p>\n<p>1)\u00a0\u00a0\u00a0\u00a0\u00a0 reprezentowanie Klubu na zewn\u0105trz i dzia\u0142anie w jego imieniu,<\/p>\n<p>2)\u00a0\u00a0\u00a0\u00a0\u00a0 wykonywanie uchwa\u0142 Walnego Zebrania Cz\u0142onk\u00f3w Klubu,<\/p>\n<p>3)\u00a0\u00a0\u00a0\u00a0\u00a0 zarz\u0105dzanie maj\u0105tkiem i funduszami Klubu zgodnie z obowi\u0105zuj\u0105cymi przepisami i uchwa\u0142ami Walnego Zebrania,<\/p>\n<p>4)\u00a0\u00a0\u00a0\u00a0\u00a0 okre\u015blanie wysoko\u015bci sk\u0142adki cz\u0142onkowskiej i trybu jej uiszczania,<\/p>\n<p>5)\u00a0\u00a0\u00a0\u00a0\u00a0 podejmowanie uchwa\u0142 w sprawach cz\u0142onkowskich,<\/p>\n<p>6)\u00a0\u00a0\u00a0\u00a0\u00a0 podejmowanie uchwa\u0142 w sprawach przynale\u017cno\u015bci do innych organizacji,<\/p>\n<p>7)\u00a0\u00a0\u00a0\u00a0\u00a0 powo\u0142ywanie i rozwi\u0105zywanie sekcji Klubu i uchwalanie regulamin\u00f3w ich dzia\u0142ania,<\/p>\n<p>8)\u00a0\u00a0\u00a0\u00a0\u00a0 sk\u0142adanie sprawozda\u0144 z dzia\u0142alno\u015bci Klubu.<\/p>\n<p>&nbsp;<\/p>\n<p style=\"text-align: center;\">\u00a0\u00a725<\/p>\n<ol>\n<li>Komisja Rewizyjna jest organem kontroluj\u0105cym ca\u0142okszta\u0142t dzia\u0142alno\u015bci Klubu.<\/li>\n<li>Komisja Rewizyjna sk\u0142ada si\u0119 z 3 cz\u0142onk\u00f3w wybieranych przez Walne Zebranie Klubu.<\/li>\n<li>Komisja wybiera ze swego grona Przewodnicz\u0105cego i Sekretarza.<\/li>\n<li>Posiedzenia Komisji Rewizyjnej odbywaj\u0105 si\u0119 w miar\u0119 potrzeb , nie rzadziej ni\u017c raz na rok.<\/li>\n<li>Do zada\u0144 Komisji Rewizyjnej nale\u017cy:<\/li>\n<\/ol>\n<p>1)\u00a0\u00a0\u00a0\u00a0\u00a0 przeprowadzanie co najmniej raz w roku kontroli dzia\u0142alno\u015bci Klubu,<\/p>\n<p>2)\u00a0\u00a0\u00a0\u00a0\u00a0 wydawanie zalece\u0144 pokontrolnych w przypadku stwierdzenia uchybie\u0144 w dzia\u0142alno\u015bci Klubu, okre\u015blenie termin\u00f3w oraz sposob\u00f3w ich usuni\u0119cia,<\/p>\n<p>3)\u00a0\u00a0\u00a0\u00a0\u00a0 sk\u0142adanie sprawozda\u0144 z ca\u0142okszta\u0142tu swej dzia\u0142alno\u015bci na Walnym Zebraniu Klubu oraz stawianie na Walnym Zebraniu Cz\u0142onk\u00f3w wniosku o udzielenie b\u0105d\u017a odmow\u0119 udzielenia absolutorium ust\u0119puj\u0105cemu Zarz\u0105dowi,<\/p>\n<p>4)\u00a0\u00a0\u00a0\u00a0\u00a0 sk\u0142adanie zastrze\u017ce\u0144 w stosunku do projektowanych uchwa\u0142, postanowie\u0144 i przedsi\u0119wzi\u0119\u0107 Zarz\u0105du, je\u017celi Komisja dojdzie do wniosku, \u017ce spowoduj\u0105 one lub mog\u0105 spowodowa\u0107 nieprawid\u0142owo\u015bci w dzia\u0142aniu Klubu,<\/p>\n<p>5)\u00a0\u00a0\u00a0\u00a0\u00a0 prawo \u017c\u0105dania zwo\u0142ania Nadzwyczajnego Walnego Zebrania Klubu, wzgl\u0119dnie z wnioskiem o zwo\u0142anie posiedzenia Zarz\u0105du w przypadkach stwierdzenia niezgodnego z prawem lub Statutem, b\u0105d\u017a istotnymi interesami Klubu dzia\u0142a\u0144 Zarz\u0105du.<\/p>\n<p>6)\u00a0\u00a0\u00a0\u00a0\u00a0 Przewodnicz\u0105cy Komisji Rewizyjnej lub Sekretarz mog\u0105 bra\u0107 udzia\u0142 w posiedzeniach Zarz\u0105du z g\u0142osem doradczym.<\/p>\n<p style=\"text-align: center;\">\u00a0\u00a726<\/p>\n<ol>\n<li>W przypadku ust\u0105pienia lub \u015bmierci cz\u0142onka Zarz\u0105du lub Komisji Rewizyjnej w trakcie kadencji , cz\u0142onkowie organu w\u0142adzy, kt\u00f3ry uleg\u0142 uszczupleniu mog\u0105 uzupe\u0142ni\u0107 sw\u00f3j sk\u0142ad spo\u015br\u00f3d cz\u0142onk\u00f3w Klubu. Liczba cz\u0142onk\u00f3w dokooptowanych nie mo\u017ce przekroczy\u0107 1\/3 liczby cz\u0142onk\u00f3w danego organy w\u0142adzy pochodz\u0105cych z wyboru.<\/li>\n<li>Je\u017celi w trakcie kadencji, ust\u0105pi\u0105 funkcyjni cz\u0142onkowie Zarz\u0105du lub Komisji Rewizyjnej\u00a0 &#8211; w\u00f3wczas Zarz\u0105d lub Komisja Rewizyjna \u2013 mog\u0105 po uzupe\u0142nieniu swego sk\u0142adu, w trybie ust. 1 niniejszego paragrafu, powo\u0142a\u0107 funkcyjnych cz\u0142onk\u00f3w, do ko\u0144ca kadencji.<\/li>\n<li>Cz\u0142onk\u00f3w Zarz\u0105du i Komisji Rewizyjnej mo\u017ce odwo\u0142a\u0107 w trakcie kadencji z pe\u0142nionych funkcji wy\u0142\u0105cznie Walne Zebranie Cz\u0142onk\u00f3w.<\/li>\n<li>Je\u017celi w trakcie kadencji cz\u0142onkowie Zarz\u0105du lub Komisji Rewizyjnej zostan\u0105 odwo\u0142ani z pe\u0142nionych funkcji, Walne Zebranie Klubu, dokonuje uzupe\u0142nienia sk\u0142adu tych organ\u00f3w , do ko\u0144ca kadencji.<\/li>\n<\/ol>\n<p>&nbsp;<\/p>\n<p style=\"text-align: center;\">ROZDZIA\u0141 V<\/p>\n<p style=\"text-align: center;\">Wyr\u00f3\u017cnienia i kary<\/p>\n<p style=\"text-align: center;\">\u00a0\u00a727<\/p>\n<p>Za realizacj\u0119 zada\u0144 Klubu przyznawane\u00a0 mog\u0105 by\u0107 wyr\u00f3\u017cnienia i nagrody zgodnie z przyj\u0119tymi zasadami.<\/p>\n<p style=\"text-align: center;\">\u00a0\u00a728<\/p>\n<ol>\n<li>W razie naruszenia postanowie\u0144 lub uchwa\u0142 w\u0142adz Klubu, Zarz\u0105dowi przys\u0142uguje prawo wymierzenia nast\u0119puj\u0105cych kar:<\/li>\n<\/ol>\n<p>1)\u00a0\u00a0\u00a0\u00a0\u00a0 upomnienia,<\/p>\n<p>2)\u00a0\u00a0\u00a0\u00a0\u00a0 nagany,<\/p>\n<p>3)\u00a0\u00a0\u00a0\u00a0\u00a0 zawieszenia w prawach cz\u0142onka na okres do 6-ciu miesi\u0119cy,<\/p>\n<p>4)\u00a0\u00a0\u00a0\u00a0\u00a0 wykluczenia z Klubu.<\/p>\n<ol start=\"2\">\n<li>Od uchwa\u0142y Zarz\u0105du o ukaraniu, cz\u0142onkowi przys\u0142uguje prawo do odwo\u0142ania si\u0119 do Walnego Zebrania Klubu w terminie 30 dni od otrzymania kary.<\/li>\n<li>Uchwa\u0142a Walnego Zebrania Klubu o ukaraniu jest ostateczna.<\/li>\n<\/ol>\n<p>&nbsp;<\/p>\n<p style=\"text-align: center;\">ROZDZIA\u0141 VI<\/p>\n<p style=\"text-align: center;\">Maj\u0105tek i fundusze Klubu<\/p>\n<p style=\"text-align: center;\">\u00a0\u00a729<\/p>\n<ol>\n<li>Na maj\u0105tek Klubu sk\u0142adaj\u0105 si\u0119 nieruchomo\u015bci, ruchomo\u015bci oraz fundusze.<\/li>\n<li>\u0179r\u00f3d\u0142ami tworzenia maj\u0105tku Klubu s\u0105:<\/li>\n<\/ol>\n<p>1)\u00a0\u00a0\u00a0\u00a0\u00a0 sk\u0142adki cz\u0142onkowskie,<\/p>\n<p>2)\u00a0\u00a0\u00a0\u00a0\u00a0 darowizny, zapisy i spadki,<\/p>\n<p>3)\u00a0\u00a0\u00a0\u00a0\u00a0 dotacje,<\/p>\n<p>4)\u00a0\u00a0\u00a0\u00a0\u00a0 dochody z maj\u0105tku Klubu,<\/p>\n<p>5)\u00a0\u00a0\u00a0\u00a0\u00a0 wp\u0142ywy z odp\u0142atnej dzia\u0142alno\u015bci statutowej.<\/p>\n<ol start=\"3\">\n<li>Klub nie prowadzi dzia\u0142alno\u015bci gospodarczej.<\/li>\n<\/ol>\n<p style=\"text-align: center;\">\u00a0\u00a730<\/p>\n<ol>\n<li>Dla wa\u017cno\u015bci o\u015bwiadcze\u0144 woli, pism i dokument\u00f3w w przedmiocie praw i obowi\u0105zk\u00f3w maj\u0105tkowych Klubu, w tym do zaci\u0105gania zobowi\u0105za\u0144 maj\u0105tkowych, wymagane jest \u00a0\u00a0\u00a0\u00a0\u00a0\u00a0\u00a0\u00a0\u00a0\u00a0\u00a0\u00a0\u00a0\u00a0\u00a0 \u00a0\u00a0\u00a0\u00a0\u00a0\u00a0\u00a0\u00a0\u00a0\u00a0\u00a0\u00a0\u00a0\u00a0\u00a0\u00a0\u00a0\u00a0\u00a0\u00a0\u00a0\u00a0\u00a0\u00a0\u00a0\u00a0\u00a0\u00a0\u00a0\u00a0\u00a0\u00a0\u00a0\u00a0\u00a0\u00a0\u00a0\u00a0\u00a0\u00a0\u00a0\u00a0\u00a0\u00a0\u00a0\u00a0\u00a0\u00a0\u00a0\u00a0\u00a0\u00a0\u00a0\u00a0\u00a0\u00a0wsp\u00f3\u0142dzia\u0142anie dw\u00f3ch cz\u0142onk\u00f3w Zarz\u0105du dzia\u0142aj\u0105cych \u0142\u0105cznie.<\/li>\n<li>Do wyst\u0119powania w imieniu Klubu w sprawach niemaj\u0105tkowych s\u0105 upowa\u017cnieni indywidualnie: Prezes, Sekretarz oraz Skarbnik.<\/li>\n<\/ol>\n<p>&nbsp;<\/p>\n<p>&nbsp;<\/p>\n<p style=\"text-align: center;\">ROZDZIA\u0141 VII<\/p>\n<p style=\"text-align: center;\">Zmiana statutu i rozwi\u0105zanie si\u0119 Klubu<\/p>\n<p style=\"text-align: center;\">\u00a0\u00a731<\/p>\n<p>Zmiany Statutu Klubu wymagaj\u0105 uchwa\u0142y Walnego Zebrania Cz\u0142onk\u00f3w\u00a0 podj\u0119tej wi\u0119kszo\u015bci\u0105 2\/3 g\u0142os\u00f3w przy obecno\u015bci co najmniej po\u0142owy cz\u0142onk\u00f3w Klubu maj\u0105cych g\u0142os stanowi\u0105cy na Walnym Zebraniu Klubu.<\/p>\n<p style=\"text-align: center;\">\u00a732<\/p>\n<ol>\n<li>Rozwi\u0105zanie si\u0119 Klubu mo\u017ce nast\u0105pi\u0107 na podstawie uchwa\u0142y Walnego Zebrania Klubu podj\u0119tej wi\u0119kszo\u015bci\u0105 2\/3 g\u0142os\u00f3w przy obecno\u015bci co najmniej po\u0142owy uprawnionych do g\u0142osowania.<\/li>\n<li>Uchwa\u0142a o rozwi\u0105zaniu si\u0119 Klubu okre\u015bla tryb likwidacji oraz cel na jaki ma by\u0107 przeznaczony maj\u0105tek Klubu.<\/li>\n<li>Likwidator, powo\u0142any uchwa\u0142\u0105 Walnego Zebrania Klubu, po zako\u0144czeniu prac\u00a0 jest zobowi\u0105zany z\u0142o\u017cy\u0107 organowi rejestracyjnemu sprawozdanie z likwidacji wraz z wnioskiem o wykre\u015blenie Klubu z ewidencji.<\/li>\n<\/ol>\n","protected":false},"excerpt":{"rendered":"<p>STATUT UCZNIOWSKIEGO KLUBU SPORTOWEGO \u201eBIELANY- 273\u201d &nbsp; ROZDZIA\u0141 I Nazwa, teren dzia\u0142ania, siedziba\u00a0 i charakter prawny \u00a0\u00a71 Stowarzyszenie pod nazw\u0105 Uczniowski Klub Sportowy \u201eBIELANY \u2013 273\u201d zwane dalej Klubem, jest stowarzyszeniem zrzeszaj\u0105cym uczni\u00f3w Szko\u0142y Podstawowej nr 273, uczni\u00f3w, student\u00f3w, rodzic\u00f3w,\u00a0 nauczycieli oraz inne osoby fizyczne lub prawne . \u00a0\u00a72 Terenem dzia\u0142ania Klubu jest obszar Rzeczpospolitej &hellip; <a href=\"https:\/\/uksbielany.pl\/?page_id=14\">Continue reading <span class=\"meta-nav\">&rarr;<\/span><\/a><\/p>\n","protected":false},"author":2,"featured_media":0,"parent":0,"menu_order":5,"comment_status":"closed","ping_status":"closed","template":"","meta":{"ngg_post_thumbnail":0,"footnotes":""},"class_list":["post-14","page","type-page","status-publish","hentry"],"_links":{"self":[{"href":"https:\/\/uksbielany.pl\/index.php?rest_route=\/wp\/v2\/pages\/14","targetHints":{"allow":["GET"]}}],"collection":[{"href":"https:\/\/uksbielany.pl\/index.php?rest_route=\/wp\/v2\/pages"}],"about":[{"href":"https:\/\/uksbielany.pl\/index.php?rest_route=\/wp\/v2\/types\/page"}],"author":[{"embeddable":true,"href":"https:\/\/uksbielany.pl\/index.php?rest_route=\/wp\/v2\/users\/2"}],"replies":[{"embeddable":true,"href":"https:\/\/uksbielany.pl\/index.php?rest_route=%2Fwp%2Fv2%2Fcomments&post=14"}],"version-history":[{"count":1,"href":"https:\/\/uksbielany.pl\/index.php?rest_route=\/wp\/v2\/pages\/14\/revisions"}],"predecessor-version":[{"id":1253,"href":"https:\/\/uksbielany.pl\/index.php?rest_route=\/wp\/v2\/pages\/14\/revisions\/1253"}],"wp:attachment":[{"href":"https:\/\/uksbielany.pl\/index.php?rest_route=%2Fwp%2Fv2%2Fmedia&parent=14"}],"curies":[{"name":"wp","href":"https:\/\/api.w.org\/{rel}","templated":true}]}}